{"id":272,"date":"2015-07-10T10:04:06","date_gmt":"2015-07-10T10:04:06","guid":{"rendered":"http:\/\/localhost\/mara\/?page_id=2"},"modified":"2025-11-24T17:16:41","modified_gmt":"2025-11-24T17:16:41","slug":"contact","status":"publish","type":"page","link":"https:\/\/triquantler.hu\/index.php\/contact\/","title":{"rendered":"Kapcsolat"},"content":{"rendered":"\n<blockquote class=\"wp-block-quote is-layout-flow wp-block-quote-is-layout-flow\">\n<p>Kedves \u00e9rdekl\u0151d\u0151. \u00d6r\u00fcl\u00f6k, hogy megl\u00e1togattad az oldalamat! Mivel minden ajand\u00e9kt\u00e1rgy ami az oldalon tal\u00e1lhat\u00f3 k\u00e9zm\u0171ves term\u00e9k, ez\u00e9rt el\u0151re egyeztet\u00e9s sz\u00fcks\u00e9ges a megrendel\u00e9shez, ak\u00e1r e-mailben, ak\u00e1r telefonon. Az el\u00e9rhet\u0151s\u00e9geim:<\/p>\n\n\n\n<p>info[kukac]triquantler.hu<\/p>\n<\/blockquote>\n","protected":false},"excerpt":{"rendered":"<p>Kedves \u00e9rdekl\u0151d\u0151. \u00d6r\u00fcl\u00f6k, hogy megl\u00e1togattad az oldalamat! Mivel minden ajand\u00e9kt\u00e1rgy ami az oldalon tal\u00e1lhat\u00f3 k\u00e9zm\u0171ves term\u00e9k, ez\u00e9rt el\u0151re egyeztet\u00e9s sz\u00fcks\u00e9ges a megrendel\u00e9shez, ak\u00e1r e-mailben, ak\u00e1r telefonon. Az el\u00e9rhet\u0151s\u00e9geim: info[kukac]triquantler.hu<\/p>\n","protected":false},"author":1,"featured_media":6,"parent":0,"menu_order":0,"comment_status":"open","ping_status":"open","template":"my-templates\/template-fullwidth.php","meta":{"footnotes":""},"class_list":["post-272","page","type-page","status-publish","has-post-thumbnail","hentry"],"_links":{"self":[{"href":"https:\/\/triquantler.hu\/index.php\/wp-json\/wp\/v2\/pages\/272","targetHints":{"allow":["GET"]}}],"collection":[{"href":"https:\/\/triquantler.hu\/index.php\/wp-json\/wp\/v2\/pages"}],"about":[{"href":"https:\/\/triquantler.hu\/index.php\/wp-json\/wp\/v2\/types\/page"}],"author":[{"embeddable":true,"href":"https:\/\/triquantler.hu\/index.php\/wp-json\/wp\/v2\/users\/1"}],"replies":[{"embeddable":true,"href":"https:\/\/triquantler.hu\/index.php\/wp-json\/wp\/v2\/comments?post=272"}],"version-history":[{"count":2,"href":"https:\/\/triquantler.hu\/index.php\/wp-json\/wp\/v2\/pages\/272\/revisions"}],"predecessor-version":[{"id":409,"href":"https:\/\/triquantler.hu\/index.php\/wp-json\/wp\/v2\/pages\/272\/revisions\/409"}],"wp:featuredmedia":[{"embeddable":true,"href":"https:\/\/triquantler.hu\/index.php\/wp-json\/wp\/v2\/media\/6"}],"wp:attachment":[{"href":"https:\/\/triquantler.hu\/index.php\/wp-json\/wp\/v2\/media?parent=272"}],"curies":[{"name":"wp","href":"https:\/\/api.w.org\/{rel}","templated":true}]}}